{"id":3,"date":"2023-07-03T23:08:30","date_gmt":"2023-07-04T03:08:30","guid":{"rendered":"http:\/\/726.local\/?page_id=3"},"modified":"2024-06-18T18:24:39","modified_gmt":"2024-06-19T01:24:39","slug":"terms-and-privacy","status":"publish","type":"page","link":"https:\/\/centerforhealthprogress.org\/es\/terms-and-privacy\/","title":{"rendered":"T\u00e9rminos de uso y pol\u00edtica de privacidad"},"content":{"rendered":"<p>\u00daltima actualizaci\u00f3n: 29\/03\/17<\/p>\n\n\n\n<h2 class=\"wp-block-heading\">CONDICIONES DE USO<\/h2>\n\n\n\n<p><strong>POR FAVOR LEA ATENTAMENTE ESTOS T\u00c9RMINOS Y CONDICIONES DE USO Y POL\u00cdTICA DE PRIVACIDAD. AL ACCEDER O UTILIZAR ESTE SITIO WEB, USTED ACEPTA ESTAR OBLIGADO POR LOS T\u00c9RMINOS Y CONDICIONES AQU\u00cd DESCRITO Y TODOS LOS T\u00c9RMINOS INCORPORADOS POR REFERENCIA.<\/strong><\/p>\n\n\n\n<p>Estos t\u00e9rminos y condiciones de uso (\u201cT\u00e9rminos del sitio\u201d) se aplican a su acceso y uso del sitio web de Center for Health Progress. Si utiliza el Sitio en nombre de cualquier entidad, declara y garantiza que est\u00e1 autorizado a aceptar estos T\u00e9rminos del sitio en nombre de dicha entidad, y que dicha entidad acepta indemnizarlo a usted y a Center for Health Progress por violaciones de estos T\u00e9rminos. Su incumplimiento de estos T\u00e9rminos del sitio puede resultar en la suspensi\u00f3n o cancelaci\u00f3n de su cuenta, si tiene una. Lea a continuaci\u00f3n para obtener m\u00e1s detalles.<\/p>\n\n\n\n<p>El sitio web ubicado en www.centerforhealthprogress.org es una obra protegida por derechos de autor que pertenece al Center for Health Progress.<\/p>\n\n\n\n<p>El Sitio puede contener enlaces a sitios web y servicios de terceros. Dichos enlaces de terceros no est\u00e1n bajo el control de Center for Health Progress, y Center for Health Progress no es responsable de ning\u00fan enlace de terceros. Center for Health Progress brinda acceso a estos enlaces de terceros solo para su conveniencia y no revisa, aprueba, monitorea, respalda, garantiza ni hace ninguna declaraci\u00f3n con respecto a los enlaces de terceros. Usted utiliza todos los enlaces de terceros bajo su propio riesgo y debe aplicar un nivel adecuado de precauci\u00f3n y discreci\u00f3n al hacerlo. Cuando hace clic en cualquiera de los enlaces de terceros, se aplican los t\u00e9rminos y pol\u00edticas del tercero correspondiente, incluidas las pr\u00e1cticas de privacidad y recopilaci\u00f3n de datos del tercero.<\/p>\n\n\n\n<p>En la m\u00e1xima medida permitida por la ley aplicable, Center for Health Progress se reserva el derecho de cambiar o modificar cualquiera de los t\u00e9rminos y condiciones contenidos en los T\u00e9rminos del sitio o cualquier pol\u00edtica o directriz del Sitio, en cualquier momento y a su exclusivo criterio, proporcionando tenga en cuenta que los T\u00e9rminos del sitio han sido modificados. Dicho aviso se puede proporcionar enviando un correo electr\u00f3nico, publicando un aviso en el Sitio, publicando los T\u00e9rminos del Sitio revisados \u200b\u200ben el Sitio y revisando la fecha en la parte superior de estos T\u00e9rminos del Sitio, o mediante cualquier otra forma de aviso que determine el Centro. para el Progreso de la Salud. Su uso continuado de este Sitio despu\u00e9s de la publicaci\u00f3n de los T\u00e9rminos del Sitio revisados \u200b\u200bu otro aviso de dichos cambios constituir\u00e1 su aceptaci\u00f3n de dichos cambios o modificaciones. De lo contrario, cualquier cambio o modificaci\u00f3n entrar\u00e1 en vigencia dentro de los treinta (30) d\u00edas posteriores a la publicaci\u00f3n de las revisiones en el Sitio, a menos que notifique al Center for Health Progress dentro de dichos treinta (30) d\u00edas que no est\u00e1 de acuerdo con los cambios y deja de usar el Sitio. Sitio. Por lo tanto, debe revisar estos T\u00e9rminos de uso cada vez que acceda al Sitio y al menos cada treinta (30) d\u00edas para asegurarse de comprender los t\u00e9rminos y condiciones que se aplicar\u00e1n a su uso del Sitio.<\/p>\n\n\n\n<h2 class=\"wp-block-heading\">POL\u00cdTICA DE PRIVACIDAD<\/h2>\n\n\n\n<p>Este aviso de privacidad revela las pr\u00e1cticas de privacidad del Center for Health Progress. Este aviso de privacidad se aplica \u00fanicamente a la informaci\u00f3n recopilada por este sitio web.<\/p>\n\n\n\n<p>Somos los \u00fanicos propietarios de la informaci\u00f3n recopilada en este sitio. Solo tenemos acceso a\/recopilamos informaci\u00f3n que usted nos proporciona voluntariamente por correo electr\u00f3nico u otro contacto directo suyo. Al brindarnos dicha informaci\u00f3n, usted acepta que la usemos de la manera descrita en esta pol\u00edtica. Puede retirar su consentimiento en cualquier momento envi\u00e1ndonos un correo electr\u00f3nico. Devolveremos o destruiremos su informaci\u00f3n personal dentro de una semana de recibir la notificaci\u00f3n de su retirada de consentimiento.<\/p>\n\n\n\n<p>Tambi\u00e9n recopilamos informaci\u00f3n que su navegador env\u00eda cada vez que visita nuestro sitio web. Estos datos pueden incluir informaci\u00f3n como la direcci\u00f3n de Protocolo de Internet de su computadora, el tipo de navegador, la versi\u00f3n del navegador, las p\u00e1ginas de nuestro sitio web que visita, la hora y fecha de su visita, el tiempo que pasa en esas p\u00e1ginas y otras estad\u00edsticas. Adem\u00e1s, podemos utilizar servicios de terceros, como Google Analytics, que recopilan, monitorean y analizan esto.<\/p>\n\n\n\n<p>Usaremos su informaci\u00f3n para responderle sobre el motivo por el que se comunic\u00f3 con nosotros. No compartiremos su informaci\u00f3n con ning\u00fan tercero fuera de nuestra organizaci\u00f3n, salvo que sea necesario para cumplir con su solicitud. No venderemos ni alquilaremos esta informaci\u00f3n a nadie.<\/p>\n\n\n\n<p>A menos que nos solicite que no lo hagamos, es posible que nos comuniquemos con usted por correo electr\u00f3nico en el futuro para informarle sobre los cambios en esta pol\u00edtica de privacidad. Tomamos precauciones para proteger su informaci\u00f3n. Cuando env\u00eda informaci\u00f3n confidencial a trav\u00e9s del sitio web, su informaci\u00f3n est\u00e1 protegida tanto en l\u00ednea como fuera de l\u00ednea. Dondequiera que recopilemos informaci\u00f3n confidencial, esa informaci\u00f3n se nos transmite de forma segura.<\/p>\n\n\n\n<p>Si bien trabajamos para proteger la informaci\u00f3n confidencial transmitida en l\u00ednea, tambi\u00e9n protegemos su informaci\u00f3n fuera de l\u00ednea. Solo los empleados que necesitan la informaci\u00f3n para realizar un trabajo espec\u00edfico (por ejemplo, facturaci\u00f3n o servicio al cliente) tienen acceso a informaci\u00f3n de identificaci\u00f3n personal, y las computadoras y servidores en los que almacenamos informaci\u00f3n de identificaci\u00f3n personal se mantienen en un entorno seguro.<\/p>\n\n\n\n<p>La seguridad de su informaci\u00f3n personal es importante para nosotros, pero recuerde que ning\u00fan m\u00e9todo de transmisi\u00f3n a trav\u00e9s de Internet, ni ning\u00fan m\u00e9todo de almacenamiento electr\u00f3nico, es 100% seguro. Si bien nos esforzamos por utilizar medios comercialmente aceptables para proteger su informaci\u00f3n, no podemos garantizar su seguridad absoluta.<\/p>","protected":false},"excerpt":{"rendered":"Last updated: 3\/29\/17 TERMS OF USE PLEASE READ THESE TERMS AND CONDITIONS OF USE AND PRIVACY POLICY CAREFULLY. BY ACCESSING OR USING THIS WEBSITE, YOU AGREE TO BE BOUND BY THE TERMS AND CONDITIONS DESCRIBED HEREIN AND ALL TERMS INCORPORATED BY REFERENCE. These terms and conditions of use (\u201cSite Terms\u201d) apply to your access to, [&hellip;]","protected":false},"author":1,"featured_media":0,"parent":0,"menu_order":0,"comment_status":"closed","ping_status":"closed","template":"","meta":{"_acf_changed":false,"footnotes":""},"class_list":["post-3","page","type-page","status-publish","hentry"],"acf":[],"yoast_head":"<!-- This site is optimized with the Yoast SEO plugin v27.2 - https:\/\/yoast.com\/product\/yoast-seo-wordpress\/ -->\n<title>Terms of Use &amp; Privacy Policy | Center for Health Progress<\/title>\n<meta name=\"description\" content=\"Read the campaign privacy policy.\" \/>\n<meta name=\"robots\" content=\"index, follow, max-snippet:-1, max-image-preview:large, max-video-preview:-1\" \/>\n<link rel=\"canonical\" href=\"https:\/\/centerforhealthprogress.org\/es\/terms-and-privacy\/\" \/>\n<meta property=\"og:locale\" content=\"es_ES\" \/>\n<meta property=\"og:type\" content=\"article\" \/>\n<meta property=\"og:title\" content=\"Terms of Use &amp; Privacy Policy | Center for Health Progress\" \/>\n<meta property=\"og:description\" content=\"Read the campaign privacy policy.\" \/>\n<meta property=\"og:url\" content=\"https:\/\/centerforhealthprogress.org\/es\/terms-and-privacy\/\" \/>\n<meta property=\"og:site_name\" content=\"Center for Health Progress\" \/>\n<meta property=\"article:publisher\" content=\"https:\/\/facebook.com\/centerforhealthprogress\" \/>\n<meta property=\"article:modified_time\" content=\"2024-06-19T01:24:39+00:00\" \/>\n<meta property=\"og:image\" content=\"https:\/\/centerforhealthprogress.org\/wp-content\/uploads\/meta-image.png\" \/>\n\t<meta property=\"og:image:width\" content=\"1200\" \/>\n\t<meta property=\"og:image:height\" content=\"630\" \/>\n\t<meta property=\"og:image:type\" content=\"image\/png\" \/>\n<meta name=\"twitter:card\" content=\"summary_large_image\" \/>\n<meta name=\"twitter:site\" content=\"@chprogress\" \/>\n<script type=\"application\/ld+json\" class=\"yoast-schema-graph\">{\"@context\":\"https:\/\/schema.org\",\"@graph\":[{\"@type\":\"WebPage\",\"@id\":\"https:\/\/centerforhealthprogress.org\/terms-and-privacy\/\",\"url\":\"https:\/\/centerforhealthprogress.org\/terms-and-privacy\/\",\"name\":\"Terms of Use &amp; Privacy Policy | Center for Health Progress\",\"isPartOf\":{\"@id\":\"https:\/\/centerforhealthprogress.org\/#website\"},\"datePublished\":\"2023-07-04T03:08:30+00:00\",\"dateModified\":\"2024-06-19T01:24:39+00:00\",\"description\":\"Read the campaign privacy policy.\",\"breadcrumb\":{\"@id\":\"https:\/\/centerforhealthprogress.org\/terms-and-privacy\/#breadcrumb\"},\"inLanguage\":\"es\",\"potentialAction\":[{\"@type\":\"ReadAction\",\"target\":[\"https:\/\/centerforhealthprogress.org\/terms-and-privacy\/\"]}]},{\"@type\":\"BreadcrumbList\",\"@id\":\"https:\/\/centerforhealthprogress.org\/terms-and-privacy\/#breadcrumb\",\"itemListElement\":[{\"@type\":\"ListItem\",\"position\":1,\"name\":\"Home\",\"item\":\"https:\/\/centerforhealthprogress.org\/\"},{\"@type\":\"ListItem\",\"position\":2,\"name\":\"Terms of Use &amp; Privacy Policy\"}]},{\"@type\":\"WebSite\",\"@id\":\"https:\/\/centerforhealthprogress.org\/#website\",\"url\":\"https:\/\/centerforhealthprogress.org\/\",\"name\":\"Center for Health Progress\",\"description\":\"Uniting against corporate healthcare greed.\",\"publisher\":{\"@id\":\"https:\/\/centerforhealthprogress.org\/#organization\"},\"alternateName\":\"CHP\",\"potentialAction\":[{\"@type\":\"SearchAction\",\"target\":{\"@type\":\"EntryPoint\",\"urlTemplate\":\"https:\/\/centerforhealthprogress.org\/?s={search_term_string}\"},\"query-input\":{\"@type\":\"PropertyValueSpecification\",\"valueRequired\":true,\"valueName\":\"search_term_string\"}}],\"inLanguage\":\"es\"},{\"@type\":\"Organization\",\"@id\":\"https:\/\/centerforhealthprogress.org\/#organization\",\"name\":\"Center for Health Progress\",\"alternateName\":\"CHP\",\"url\":\"https:\/\/centerforhealthprogress.org\/\",\"logo\":{\"@type\":\"ImageObject\",\"inLanguage\":\"es\",\"@id\":\"https:\/\/centerforhealthprogress.org\/#\/schema\/logo\/image\/\",\"url\":\"https:\/\/centerforhealthprogress.org\/wp-content\/uploads\/favicon.png\",\"contentUrl\":\"https:\/\/centerforhealthprogress.org\/wp-content\/uploads\/favicon.png\",\"width\":491,\"height\":491,\"caption\":\"Center for Health Progress\"},\"image\":{\"@id\":\"https:\/\/centerforhealthprogress.org\/#\/schema\/logo\/image\/\"},\"sameAs\":[\"https:\/\/facebook.com\/centerforhealthprogress\",\"https:\/\/x.com\/chprogress\",\"https:\/\/youtube.com\/c\/CenterforHealthProgress\",\"https:\/\/linkedin.com\/company\/center-for-health-progress\/\"]}]}<\/script>\n<!-- \/ Yoast SEO plugin. -->","yoast_head_json":{"title":"Terms of Use &amp; Privacy Policy | Center for Health Progress","description":"Read the campaign privacy policy.","robots":{"index":"index","follow":"follow","max-snippet":"max-snippet:-1","max-image-preview":"max-image-preview:large","max-video-preview":"max-video-preview:-1"},"canonical":"https:\/\/centerforhealthprogress.org\/es\/terms-and-privacy\/","og_locale":"es_ES","og_type":"article","og_title":"Terms of Use &amp; Privacy Policy | Center for Health Progress","og_description":"Read the campaign privacy policy.","og_url":"https:\/\/centerforhealthprogress.org\/es\/terms-and-privacy\/","og_site_name":"Center for Health Progress","article_publisher":"https:\/\/facebook.com\/centerforhealthprogress","article_modified_time":"2024-06-19T01:24:39+00:00","og_image":[{"width":1200,"height":630,"url":"https:\/\/centerforhealthprogress.org\/wp-content\/uploads\/meta-image.png","type":"image\/png"}],"twitter_card":"summary_large_image","twitter_site":"@chprogress","schema":{"@context":"https:\/\/schema.org","@graph":[{"@type":"WebPage","@id":"https:\/\/centerforhealthprogress.org\/terms-and-privacy\/","url":"https:\/\/centerforhealthprogress.org\/terms-and-privacy\/","name":"Terms of Use &amp; Privacy Policy | Center for Health Progress","isPartOf":{"@id":"https:\/\/centerforhealthprogress.org\/#website"},"datePublished":"2023-07-04T03:08:30+00:00","dateModified":"2024-06-19T01:24:39+00:00","description":"Read the campaign privacy policy.","breadcrumb":{"@id":"https:\/\/centerforhealthprogress.org\/terms-and-privacy\/#breadcrumb"},"inLanguage":"es","potentialAction":[{"@type":"ReadAction","target":["https:\/\/centerforhealthprogress.org\/terms-and-privacy\/"]}]},{"@type":"BreadcrumbList","@id":"https:\/\/centerforhealthprogress.org\/terms-and-privacy\/#breadcrumb","itemListElement":[{"@type":"ListItem","position":1,"name":"Home","item":"https:\/\/centerforhealthprogress.org\/"},{"@type":"ListItem","position":2,"name":"Terms of Use &amp; Privacy Policy"}]},{"@type":"WebSite","@id":"https:\/\/centerforhealthprogress.org\/#website","url":"https:\/\/centerforhealthprogress.org\/","name":"Center for Health Progress","description":"Unidos contra la avaricia de las empresas de salud.","publisher":{"@id":"https:\/\/centerforhealthprogress.org\/#organization"},"alternateName":"CHP","potentialAction":[{"@type":"SearchAction","target":{"@type":"EntryPoint","urlTemplate":"https:\/\/centerforhealthprogress.org\/?s={search_term_string}"},"query-input":{"@type":"PropertyValueSpecification","valueRequired":true,"valueName":"search_term_string"}}],"inLanguage":"es"},{"@type":"Organization","@id":"https:\/\/centerforhealthprogress.org\/#organization","name":"Center for Health Progress","alternateName":"CHP","url":"https:\/\/centerforhealthprogress.org\/","logo":{"@type":"ImageObject","inLanguage":"es","@id":"https:\/\/centerforhealthprogress.org\/#\/schema\/logo\/image\/","url":"https:\/\/centerforhealthprogress.org\/wp-content\/uploads\/favicon.png","contentUrl":"https:\/\/centerforhealthprogress.org\/wp-content\/uploads\/favicon.png","width":491,"height":491,"caption":"Center for Health Progress"},"image":{"@id":"https:\/\/centerforhealthprogress.org\/#\/schema\/logo\/image\/"},"sameAs":["https:\/\/facebook.com\/centerforhealthprogress","https:\/\/x.com\/chprogress","https:\/\/youtube.com\/c\/CenterforHealthProgress","https:\/\/linkedin.com\/company\/center-for-health-progress\/"]}]}},"_links":{"self":[{"href":"https:\/\/centerforhealthprogress.org\/es\/wp-json\/wp\/v2\/pages\/3","targetHints":{"allow":["GET"]}}],"collection":[{"href":"https:\/\/centerforhealthprogress.org\/es\/wp-json\/wp\/v2\/pages"}],"about":[{"href":"https:\/\/centerforhealthprogress.org\/es\/wp-json\/wp\/v2\/types\/page"}],"author":[{"embeddable":true,"href":"https:\/\/centerforhealthprogress.org\/es\/wp-json\/wp\/v2\/users\/1"}],"replies":[{"embeddable":true,"href":"https:\/\/centerforhealthprogress.org\/es\/wp-json\/wp\/v2\/comments?post=3"}],"version-history":[{"count":0,"href":"https:\/\/centerforhealthprogress.org\/es\/wp-json\/wp\/v2\/pages\/3\/revisions"}],"wp:attachment":[{"href":"https:\/\/centerforhealthprogress.org\/es\/wp-json\/wp\/v2\/media?parent=3"}],"curies":[{"name":"wp","href":"https:\/\/api.w.org\/{rel}","templated":true}]}}