{"id":642,"date":"2024-03-21T18:34:44","date_gmt":"2024-03-22T01:34:44","guid":{"rendered":"http:\/\/chp.local\/?page_id=642"},"modified":"2025-06-04T12:58:35","modified_gmt":"2025-06-04T19:58:35","slug":"our-organizing","status":"publish","type":"page","link":"https:\/\/centerforhealthprogress.org\/es\/our-organizing\/","title":{"rendered":"Nuestra organizaci\u00f3n"},"content":{"rendered":"<p>En el Center for Health Progress, estamos comprometidos con la creaci\u00f3n de poder para conseguir reconocimiento, derechos y recursos para nuestras comunidades, firmemente arraigados en nuestra lucha continua por la equidad en salud.<\/p>\n\n\n\n<p>Our vision is clear: we strive for institutions and systems that prioritize humanity and wellness over profit, ensuring that the power rests with historically and systematically oppressed communities. This commitment is not just about transforming health care; it&#8217;s about dismantling the structures of corporate greed that have long dictated our lives, worsening inequalities that we can no longer accept.<\/p>\n\n\n\n<h3 class=\"wp-block-heading\" id=\"mission-and-vision\">Nuestra misi\u00f3n y visi\u00f3n<\/h3>\n\n\n\n<details class=\"wp-block-details is-layout-flow wp-block-details-is-layout-flow\"><summary>Nuestra visi\u00f3n<\/summary>\n<p>Prevemos sistemas de salud que valoren la humanidad y el bienestar por encima de los beneficios y centren el poder de las comunidades hist\u00f3rica y sistem\u00e1ticamente oprimidas.<\/p>\n<\/details>\n\n\n\n<details class=\"wp-block-details is-layout-flow wp-block-details-is-layout-flow\"><summary>Nuestra misi\u00f3n<\/summary>\n<p>Construimos poder para conseguir reconocimiento, derechos y recursos para nuestras comunidades en nuestra lucha constante por la equidad en salud.<\/p>\n<\/details>\n\n\n\n<h3 class=\"wp-block-heading\" id=\"political-strategy\">Estrategia pol\u00edtica<\/h3>\n\n\n\n<p>En el Center for Health Progress, nuestro enfoque de la estrategia pol\u00edtica est\u00e1 profundamente influido por la constataci\u00f3n de que las v\u00edas tradicionales para el cambio pol\u00edtico, incluso en espacios marcados como \"progresistas\", suelen estar ancladas en pr\u00e1cticas que socavan los valores de las personas de color, los pobres y los trabajadores, y los inmigrantes. El sistema pol\u00edtico actual, con su confuso lenguaje pol\u00edtico y sus inaccesibles procesos de toma de decisiones, crea barreras que limitan la participaci\u00f3n de la comunidad.&nbsp;<\/p>\n\n\n\n<p>El resultado es que muchos de nosotros no sentimos que pertenezcamos a estos espacios. Las decisiones que afectan a nuestras vidas siguen siendo tomadas por un peque\u00f1o grupo de \u00e9lite que protege sus propios intereses y beneficios pol\u00edticos. A trav\u00e9s de nuestro trabajo de estrategia pol\u00edtica, estamos trabajando para transformar el sistema pol\u00edtico en uno en el que todo el mundo tenga un sentido de pertenencia y propiedad.<\/p>\n\n\n\n<figure class=\"wp-block-image alignwide size-full\"><img loading=\"lazy\" decoding=\"async\" width=\"1600\" height=\"1200\" src=\"https:\/\/centerforhealthprogress.org\/wp-content\/uploads\/political-strategy.jpg\" alt=\"\" class=\"wp-image-1004\" srcset=\"https:\/\/centerforhealthprogress.org\/wp-content\/uploads\/political-strategy.jpg 1600w, https:\/\/centerforhealthprogress.org\/wp-content\/uploads\/political-strategy-768x576.jpg 768w, https:\/\/centerforhealthprogress.org\/wp-content\/uploads\/political-strategy-1536x1152.jpg 1536w, https:\/\/centerforhealthprogress.org\/wp-content\/uploads\/political-strategy-600x450.jpg 600w\" sizes=\"auto, (max-width: 1600px) 100vw, 1600px\" \/><\/figure>\n\n\n\n<p>Nuestro enfoque combina el compromiso pol\u00edtico estrat\u00e9gico con la organizaci\u00f3n de base, haciendo \u00e9nfasis en que el cambio real proviene de la colaboraci\u00f3n, la inclusi\u00f3n y un profundo respeto por las pr\u00e1cticas y creencias culturales que definen a nuestras comunidades.<\/p>\n\n\n\n<p>No s\u00f3lo luchamos por un puesto en la mesa, sino que trabajamos juntos para redise\u00f1ar la mesa y hacer del proceso pol\u00edtico un aut\u00e9ntico reflejo de las comunidades a las que debe servir.<\/p>\n\n\n\n<h3 class=\"wp-block-heading\" id=\"three-faces\">Tres caras del poder<\/h3>\n\n\n\n<h4 class=\"wp-block-heading\" id=\"win-demands\">Poder para ganar Demandas<\/h4>\n\n\n\n<p>Nuestra primera cara del poder se enfoca en las victorias inmediatas: organizar a la gente para ganar campa\u00f1as espec\u00edficas basadas en problemas. Ganar demandas se trata de acciones estrat\u00e9gicas que llevan a resultados tangibles que nos acercan un paso m\u00e1s a nuestra visi\u00f3n de un sistema de salud equitativo.<\/p>\n\n\n\n<h4 class=\"wp-block-heading\" id=\"drive-agenda\">Poder para impulsar la Agenda<\/h4>\n\n\n\n<p>Construimos un movimiento s\u00f3lido estableciendo una base organizativa estable a trav\u00e9s del desarrollo del liderazgo, la creaci\u00f3n de equipos organizativos y la construcci\u00f3n de una poderosa red de l\u00edderes. Al invertir en los l\u00edderes de nuestras comunidades, nos aseguramos de que el movimiento no dependa de una sola persona, sino que sea una fuerza colectiva capaz de impulsar nuestra agenda del sistema de salud.<\/p>\n\n\n\n<h4 class=\"wp-block-heading\" id=\"shape-story\">Poder para moldear la Historia<\/h4>\n\n\n\n<p>La tercera cara del poder es nuestra capacidad de moldear la comprensi\u00f3n consciente e inconsciente de la gente sobre el mundo que les rodea y lo que ellos perciben como posible. Esto implica elaborar y difundir relatos que cuestionen el panorama actual y ofrecer una visi\u00f3n de lo que el futuro puede ofrecer. Modelar la historia consiste en crear un cambio cultural que haga que nuestra visi\u00f3n de la equidad en la atenci\u00f3n m\u00e9dica no s\u00f3lo sea imaginable, sino realizable.<\/p>\n\n\n\n<div class=\"wp-block-media-text alignwide is-stacked-on-mobile\"><figure class=\"wp-block-media-text__media\"><img loading=\"lazy\" decoding=\"async\" width=\"1280\" height=\"960\" src=\"https:\/\/centerforhealthprogress.org\/wp-content\/uploads\/our-campaigns.jpeg\" alt=\"\" class=\"wp-image-1007 size-full\" srcset=\"https:\/\/centerforhealthprogress.org\/wp-content\/uploads\/our-campaigns.jpeg 1280w, https:\/\/centerforhealthprogress.org\/wp-content\/uploads\/our-campaigns-768x576.jpeg 768w, https:\/\/centerforhealthprogress.org\/wp-content\/uploads\/our-campaigns-600x450.jpeg 600w\" sizes=\"auto, (max-width: 1280px) 100vw, 1280px\" \/><\/figure><div class=\"wp-block-media-text__content\">\n<h3 class=\"wp-block-heading\">Nuestras campa\u00f1as: Dirigidas e impulsadas por la comunidad<\/h3>\n\n\n\n<p>Los l\u00edderes del Center for Health Progress enfrentan a diario las deficiencias y desigualdades de nuestro sistema de salud. Identifican los problemas m\u00e1s importantes a los que se enfrentan sus comunidades y lanzan y desarrollan campa\u00f1as.<\/p>\n<\/div><\/div>\n\n\n<aside class=\"wp-block-campaigns\"><div class=\"wp-block-campaigns__item\"><h3 class=\"wp-block-campaigns__title\">La Ley de Protecci\u00f3n contra la Deuda M\u00e9dicas<\/h3><p>No one should lose their home, paycheck, or bank account just because they got sick. This bill protects Coloradans from predatory medical debt collection practices\u2014ensuring that every patient has the right to fair, affordable, and transparent medical billing.<\/p><a href=\"https:\/\/centerforhealthprogress.org\/es\/campaigns\/care-not-courts\/\" class=\"wp-block-campaigns__btn--text\">Tomemos acci\u00f3n<\/a><\/div><div class=\"wp-block-campaigns__item\"><h3 class=\"wp-block-campaigns__title\">Health Over Corporate Wealth<\/h3><p>While private health insurance companies bring in record-breaking profits, Colorado\u2019s health care safety net is being pushed to the brink. Medicaid, OmniSalud, and Cover All Coloradans, which provide life-saving health coverage to over a million people in Colorado, are threatened by budget cuts\u2014just when demand is growing and communities need them most. We\u2019re pursuing several policy changes to stop profit hoarding by health insurance companies and get them to reinvest in our communities.<\/p><a href=\"https:\/\/centerforhealthprogress.org\/es\/campaigns\/protect-immigrant-health\/\" class=\"wp-block-campaigns__btn--text\">Tomemos acci\u00f3n<\/a><\/div><\/aside>\n\n\n<h3 class=\"wp-block-heading\">Compromiso contra el racismo<\/h3>\n\n\n\n<p>La lucha por la equidad en salud va de la mano de la lucha contra el racismo sist\u00e9mico. Las comunidades oprimidas hist\u00f3rica y sistem\u00e1ticamente se llevan la peor parte de los costes y desigualdades de la atenci\u00f3n m\u00e9dica, resultado directo de pol\u00edticas y pr\u00e1cticas originadas en el racismo y la discriminaci\u00f3n. La lucha contra el racismo est\u00e1 en el centro de nuestro trabajo, por lo que enfrentamos y abordamos estas desigualdades de frente, garantizando que nuestra visi\u00f3n de los sistemas de salud se extienda a todos, independientemente de su raza, etnia o antecedentes.<\/p>","protected":false},"excerpt":{"rendered":"At Center for Health Progress, we are committed to building power to win recognition, rights, and resources for our communities, firmly rooted in our ongoing fight for health equity. Our vision is clear: we strive for institutions and systems that prioritize humanity and wellness over profit, ensuring that the power rests with historically and systematically [&hellip;]","protected":false},"author":1,"featured_media":1085,"parent":0,"menu_order":0,"comment_status":"closed","ping_status":"closed","template":"","meta":{"_acf_changed":false,"footnotes":""},"class_list":["post-642","page","type-page","status-publish","has-post-thumbnail","hentry"],"acf":[],"yoast_head":"<!-- This site is optimized with the Yoast SEO plugin v27.2 - https:\/\/yoast.com\/product\/yoast-seo-wordpress\/ -->\n<title>Our Organizing | Center for Health Progress<\/title>\n<meta name=\"description\" content=\"At Center for Health Progress, we are committed to building power to win recognition, rights, and resources for our communities, firmly rooted in our\" \/>\n<meta name=\"robots\" content=\"index, follow, max-snippet:-1, max-image-preview:large, max-video-preview:-1\" \/>\n<link rel=\"canonical\" href=\"https:\/\/centerforhealthprogress.org\/es\/our-organizing\/\" \/>\n<meta property=\"og:locale\" content=\"es_ES\" \/>\n<meta property=\"og:type\" content=\"article\" \/>\n<meta property=\"og:title\" content=\"Our Organizing | Center for Health Progress\" \/>\n<meta property=\"og:description\" content=\"At Center for Health Progress, we are committed to building power to win recognition, rights, and resources for our communities, firmly rooted in our\" \/>\n<meta property=\"og:url\" content=\"https:\/\/centerforhealthprogress.org\/es\/our-organizing\/\" \/>\n<meta property=\"og:site_name\" content=\"Center for Health Progress\" \/>\n<meta property=\"article:publisher\" content=\"https:\/\/facebook.com\/centerforhealthprogress\" \/>\n<meta property=\"article:modified_time\" content=\"2025-06-04T19:58:35+00:00\" \/>\n<meta property=\"og:image\" content=\"https:\/\/centerforhealthprogress.org\/wp-content\/uploads\/homepage.jpg\" \/>\n\t<meta property=\"og:image:width\" content=\"2880\" \/>\n\t<meta property=\"og:image:height\" content=\"1620\" \/>\n\t<meta property=\"og:image:type\" content=\"image\/jpeg\" \/>\n<meta name=\"twitter:card\" content=\"summary_large_image\" \/>\n<meta name=\"twitter:site\" content=\"@chprogress\" \/>\n<script type=\"application\/ld+json\" class=\"yoast-schema-graph\">{\"@context\":\"https:\/\/schema.org\",\"@graph\":[{\"@type\":\"WebPage\",\"@id\":\"https:\/\/centerforhealthprogress.org\/our-organizing\/\",\"url\":\"https:\/\/centerforhealthprogress.org\/our-organizing\/\",\"name\":\"Our Organizing | Center for Health Progress\",\"isPartOf\":{\"@id\":\"https:\/\/centerforhealthprogress.org\/#website\"},\"primaryImageOfPage\":{\"@id\":\"https:\/\/centerforhealthprogress.org\/our-organizing\/#primaryimage\"},\"image\":{\"@id\":\"https:\/\/centerforhealthprogress.org\/our-organizing\/#primaryimage\"},\"thumbnailUrl\":\"https:\/\/centerforhealthprogress.org\/wp-content\/uploads\/homepage.jpg\",\"datePublished\":\"2024-03-22T01:34:44+00:00\",\"dateModified\":\"2025-06-04T19:58:35+00:00\",\"description\":\"At Center for Health Progress, we are committed to building power to win recognition, rights, and resources for our communities, firmly rooted in our\",\"breadcrumb\":{\"@id\":\"https:\/\/centerforhealthprogress.org\/our-organizing\/#breadcrumb\"},\"inLanguage\":\"es\",\"potentialAction\":[{\"@type\":\"ReadAction\",\"target\":[\"https:\/\/centerforhealthprogress.org\/our-organizing\/\"]}]},{\"@type\":\"ImageObject\",\"inLanguage\":\"es\",\"@id\":\"https:\/\/centerforhealthprogress.org\/our-organizing\/#primaryimage\",\"url\":\"https:\/\/centerforhealthprogress.org\/wp-content\/uploads\/homepage.jpg\",\"contentUrl\":\"https:\/\/centerforhealthprogress.org\/wp-content\/uploads\/homepage.jpg\",\"width\":2880,\"height\":1620,\"caption\":\"You make billions denying our care\"},{\"@type\":\"BreadcrumbList\",\"@id\":\"https:\/\/centerforhealthprogress.org\/our-organizing\/#breadcrumb\",\"itemListElement\":[{\"@type\":\"ListItem\",\"position\":1,\"name\":\"Home\",\"item\":\"https:\/\/centerforhealthprogress.org\/\"},{\"@type\":\"ListItem\",\"position\":2,\"name\":\"Our Organizing\"}]},{\"@type\":\"WebSite\",\"@id\":\"https:\/\/centerforhealthprogress.org\/#website\",\"url\":\"https:\/\/centerforhealthprogress.org\/\",\"name\":\"Center for Health Progress\",\"description\":\"Uniting against corporate healthcare greed.\",\"publisher\":{\"@id\":\"https:\/\/centerforhealthprogress.org\/#organization\"},\"alternateName\":\"CHP\",\"potentialAction\":[{\"@type\":\"SearchAction\",\"target\":{\"@type\":\"EntryPoint\",\"urlTemplate\":\"https:\/\/centerforhealthprogress.org\/?s={search_term_string}\"},\"query-input\":{\"@type\":\"PropertyValueSpecification\",\"valueRequired\":true,\"valueName\":\"search_term_string\"}}],\"inLanguage\":\"es\"},{\"@type\":\"Organization\",\"@id\":\"https:\/\/centerforhealthprogress.org\/#organization\",\"name\":\"Center for Health Progress\",\"alternateName\":\"CHP\",\"url\":\"https:\/\/centerforhealthprogress.org\/\",\"logo\":{\"@type\":\"ImageObject\",\"inLanguage\":\"es\",\"@id\":\"https:\/\/centerforhealthprogress.org\/#\/schema\/logo\/image\/\",\"url\":\"https:\/\/centerforhealthprogress.org\/wp-content\/uploads\/favicon.png\",\"contentUrl\":\"https:\/\/centerforhealthprogress.org\/wp-content\/uploads\/favicon.png\",\"width\":491,\"height\":491,\"caption\":\"Center for Health Progress\"},\"image\":{\"@id\":\"https:\/\/centerforhealthprogress.org\/#\/schema\/logo\/image\/\"},\"sameAs\":[\"https:\/\/facebook.com\/centerforhealthprogress\",\"https:\/\/x.com\/chprogress\",\"https:\/\/youtube.com\/c\/CenterforHealthProgress\",\"https:\/\/linkedin.com\/company\/center-for-health-progress\/\"]}]}<\/script>\n<!-- \/ Yoast SEO plugin. -->","yoast_head_json":{"title":"Our Organizing | Center for Health Progress","description":"At Center for Health Progress, we are committed to building power to win recognition, rights, and resources for our communities, firmly rooted in our","robots":{"index":"index","follow":"follow","max-snippet":"max-snippet:-1","max-image-preview":"max-image-preview:large","max-video-preview":"max-video-preview:-1"},"canonical":"https:\/\/centerforhealthprogress.org\/es\/our-organizing\/","og_locale":"es_ES","og_type":"article","og_title":"Our Organizing | Center for Health Progress","og_description":"At Center for Health Progress, we are committed to building power to win recognition, rights, and resources for our communities, firmly rooted in our","og_url":"https:\/\/centerforhealthprogress.org\/es\/our-organizing\/","og_site_name":"Center for Health Progress","article_publisher":"https:\/\/facebook.com\/centerforhealthprogress","article_modified_time":"2025-06-04T19:58:35+00:00","og_image":[{"width":2880,"height":1620,"url":"https:\/\/centerforhealthprogress.org\/wp-content\/uploads\/homepage.jpg","type":"image\/jpeg"}],"twitter_card":"summary_large_image","twitter_site":"@chprogress","schema":{"@context":"https:\/\/schema.org","@graph":[{"@type":"WebPage","@id":"https:\/\/centerforhealthprogress.org\/our-organizing\/","url":"https:\/\/centerforhealthprogress.org\/our-organizing\/","name":"Our Organizing | Center for Health Progress","isPartOf":{"@id":"https:\/\/centerforhealthprogress.org\/#website"},"primaryImageOfPage":{"@id":"https:\/\/centerforhealthprogress.org\/our-organizing\/#primaryimage"},"image":{"@id":"https:\/\/centerforhealthprogress.org\/our-organizing\/#primaryimage"},"thumbnailUrl":"https:\/\/centerforhealthprogress.org\/wp-content\/uploads\/homepage.jpg","datePublished":"2024-03-22T01:34:44+00:00","dateModified":"2025-06-04T19:58:35+00:00","description":"At Center for Health Progress, we are committed to building power to win recognition, rights, and resources for our communities, firmly rooted in our","breadcrumb":{"@id":"https:\/\/centerforhealthprogress.org\/our-organizing\/#breadcrumb"},"inLanguage":"es","potentialAction":[{"@type":"ReadAction","target":["https:\/\/centerforhealthprogress.org\/our-organizing\/"]}]},{"@type":"ImageObject","inLanguage":"es","@id":"https:\/\/centerforhealthprogress.org\/our-organizing\/#primaryimage","url":"https:\/\/centerforhealthprogress.org\/wp-content\/uploads\/homepage.jpg","contentUrl":"https:\/\/centerforhealthprogress.org\/wp-content\/uploads\/homepage.jpg","width":2880,"height":1620,"caption":"You make billions denying our care"},{"@type":"BreadcrumbList","@id":"https:\/\/centerforhealthprogress.org\/our-organizing\/#breadcrumb","itemListElement":[{"@type":"ListItem","position":1,"name":"Home","item":"https:\/\/centerforhealthprogress.org\/"},{"@type":"ListItem","position":2,"name":"Our Organizing"}]},{"@type":"WebSite","@id":"https:\/\/centerforhealthprogress.org\/#website","url":"https:\/\/centerforhealthprogress.org\/","name":"Center for Health Progress","description":"Unidos contra la avaricia de las empresas de salud.","publisher":{"@id":"https:\/\/centerforhealthprogress.org\/#organization"},"alternateName":"CHP","potentialAction":[{"@type":"SearchAction","target":{"@type":"EntryPoint","urlTemplate":"https:\/\/centerforhealthprogress.org\/?s={search_term_string}"},"query-input":{"@type":"PropertyValueSpecification","valueRequired":true,"valueName":"search_term_string"}}],"inLanguage":"es"},{"@type":"Organization","@id":"https:\/\/centerforhealthprogress.org\/#organization","name":"Center for Health Progress","alternateName":"CHP","url":"https:\/\/centerforhealthprogress.org\/","logo":{"@type":"ImageObject","inLanguage":"es","@id":"https:\/\/centerforhealthprogress.org\/#\/schema\/logo\/image\/","url":"https:\/\/centerforhealthprogress.org\/wp-content\/uploads\/favicon.png","contentUrl":"https:\/\/centerforhealthprogress.org\/wp-content\/uploads\/favicon.png","width":491,"height":491,"caption":"Center for Health Progress"},"image":{"@id":"https:\/\/centerforhealthprogress.org\/#\/schema\/logo\/image\/"},"sameAs":["https:\/\/facebook.com\/centerforhealthprogress","https:\/\/x.com\/chprogress","https:\/\/youtube.com\/c\/CenterforHealthProgress","https:\/\/linkedin.com\/company\/center-for-health-progress\/"]}]}},"_links":{"self":[{"href":"https:\/\/centerforhealthprogress.org\/es\/wp-json\/wp\/v2\/pages\/642","targetHints":{"allow":["GET"]}}],"collection":[{"href":"https:\/\/centerforhealthprogress.org\/es\/wp-json\/wp\/v2\/pages"}],"about":[{"href":"https:\/\/centerforhealthprogress.org\/es\/wp-json\/wp\/v2\/types\/page"}],"author":[{"embeddable":true,"href":"https:\/\/centerforhealthprogress.org\/es\/wp-json\/wp\/v2\/users\/1"}],"replies":[{"embeddable":true,"href":"https:\/\/centerforhealthprogress.org\/es\/wp-json\/wp\/v2\/comments?post=642"}],"version-history":[{"count":0,"href":"https:\/\/centerforhealthprogress.org\/es\/wp-json\/wp\/v2\/pages\/642\/revisions"}],"wp:featuredmedia":[{"embeddable":true,"href":"https:\/\/centerforhealthprogress.org\/es\/wp-json\/wp\/v2\/media\/1085"}],"wp:attachment":[{"href":"https:\/\/centerforhealthprogress.org\/es\/wp-json\/wp\/v2\/media?parent=642"}],"curies":[{"name":"wp","href":"https:\/\/api.w.org\/{rel}","templated":true}]}}